{"id":8,"date":"2023-05-30T12:15:12","date_gmt":"2023-05-30T10:15:12","guid":{"rendered":"http:\/\/canihomme.com\/?page_id=8"},"modified":"2023-08-12T21:30:05","modified_gmt":"2023-08-12T19:30:05","slug":"accueil","status":"publish","type":"page","link":"https:\/\/canihomme.com\/","title":{"rendered":"ACCUEIL"},"content":{"rendered":"\t\t<div data-elementor-type=\"wp-page\" data-elementor-id=\"8\" class=\"elementor elementor-8\">\n\t\t\t\t\t\t<section class=\"elementor-section elementor-top-section elementor-element elementor-element-5e78e9a9 elementor-section-boxed elementor-section-height-default elementor-section-height-default\" data-id=\"5e78e9a9\" data-element_type=\"section\" data-e-type=\"section\">\n\t\t\t\t\t\t<div class=\"elementor-container elementor-column-gap-default\">\n\t\t\t\t\t<div class=\"elementor-column elementor-col-100 elementor-top-column elementor-element elementor-element-45ac2be1\" data-id=\"45ac2be1\" data-element_type=\"column\" data-e-type=\"column\">\n\t\t\t<div class=\"elementor-widget-wrap elementor-element-populated\">\n\t\t\t\t\t\t<div class=\"elementor-element elementor-element-9a479ae elementor-widget elementor-widget-text-editor\" data-id=\"9a479ae\" data-element_type=\"widget\" data-e-type=\"widget\" data-widget_type=\"text-editor.default\">\n\t\t\t\t<div class=\"elementor-widget-container\">\n\t\t\t\t\t\t\t\t\t<p align=\"left\"><span style=\"font-size: large;\">Bienvenue sur mon site d\u00e9di\u00e9 \u00e0 la compr\u00e9hension et \u00e0 l&rsquo;harmonie entre les humains et les chiens !<\/span><\/p><p align=\"left\"><span style=\"font-size: large;\">Si vous cherchez \u00e0 consolider ou \u00e0 cr\u00e9er votre relation avec votre compagnon, dans le respect et dans la bienveillance, alors vous \u00eates au bon endroit. <\/span><\/p><p align=\"left\"><span style=\"font-size: large;\">Avec moi, vous allez pouvoir obtenir les cl\u00e9s essentielles pour cohabiter sereinement avec votre chien. L\u2019\u00e9ducation passera par l\u2019observation et la mise en place d\u2019\u00e9l\u00e9ments fondamentaux afin que vous puissiez vivre ensemble une vie faite de confiance mutuelle et de communication claire.<\/span><\/p><p align=\"left\">En effet, je pense que la relation avec son chien doit \u00eatre saine et coh\u00e9rente, l&rsquo;\u00e9motionnelle du chien est primordiale si l&rsquo;on veut que son compagnon soit bien dans ses pattes et \u00e7a, \u00e7a passe par la lecture de son chien. Je peux vous aider \u00e0 lire, donc comprendre les postures, les vocalises, les interactions que votre chien a avec ses cong\u00e9n\u00e8res ou les autres esp\u00e8ces. Mieux le comprendre pour mieux r\u00e9pondre \u00e0 ses besoins, voil\u00e0 un de mes objectifs.<\/p>\t\t\t\t\t\t\t\t<\/div>\n\t\t\t\t<\/div>\n\t\t\t\t\t<\/div>\n\t\t<\/div>\n\t\t\t\t\t<\/div>\n\t\t<\/section>\n\t\t\t\t<section class=\"elementor-section elementor-top-section elementor-element elementor-element-be99657 elementor-section-boxed elementor-section-height-default elementor-section-height-default\" data-id=\"be99657\" data-element_type=\"section\" data-e-type=\"section\" data-settings=\"{&quot;background_background&quot;:&quot;slideshow&quot;,&quot;background_slideshow_gallery&quot;:[],&quot;background_slideshow_loop&quot;:&quot;yes&quot;,&quot;background_slideshow_slide_duration&quot;:5000,&quot;background_slideshow_slide_transition&quot;:&quot;fade&quot;,&quot;background_slideshow_transition_duration&quot;:500}\">\n\t\t\t\t\t\t<div class=\"elementor-container elementor-column-gap-default\">\n\t\t\t\t\t<div class=\"elementor-column elementor-col-100 elementor-top-column elementor-element elementor-element-0a7ef8e\" data-id=\"0a7ef8e\" data-element_type=\"column\" data-e-type=\"column\">\n\t\t\t<div class=\"elementor-widget-wrap elementor-element-populated\">\n\t\t\t\t\t\t<div class=\"elementor-element elementor-element-55b0b37 elementor-align-center elementor-widget elementor-widget-button\" data-id=\"55b0b37\" data-element_type=\"widget\" data-e-type=\"widget\" data-widget_type=\"button.default\">\n\t\t\t\t<div class=\"elementor-widget-container\">\n\t\t\t\t\t\t\t\t\t<div class=\"elementor-button-wrapper\">\n\t\t\t\t\t<a class=\"elementor-button elementor-button-link elementor-size-sm elementor-animation-pulse\" href=\"https:\/\/canihomme.com\/index.php\/qui-suis-je\/\">\n\t\t\t\t\t\t<span class=\"elementor-button-content-wrapper\">\n\t\t\t\t\t\t\t\t\t<span class=\"elementor-button-text\">Qui suis-je ?<\/span>\n\t\t\t\t\t<\/span>\n\t\t\t\t\t<\/a>\n\t\t\t\t<\/div>\n\t\t\t\t\t\t\t\t<\/div>\n\t\t\t\t<\/div>\n\t\t\t\t<div class=\"elementor-element elementor-element-0dada48 elementor-widget elementor-widget-spacer\" data-id=\"0dada48\" data-element_type=\"widget\" data-e-type=\"widget\" data-widget_type=\"spacer.default\">\n\t\t\t\t<div class=\"elementor-widget-container\">\n\t\t\t\t\t\t\t<div class=\"elementor-spacer\">\n\t\t\t<div class=\"elementor-spacer-inner\"><\/div>\n\t\t<\/div>\n\t\t\t\t\t\t<\/div>\n\t\t\t\t<\/div>\n\t\t\t\t\t<\/div>\n\t\t<\/div>\n\t\t\t\t\t<\/div>\n\t\t<\/section>\n\t\t\t\t<section class=\"elementor-section elementor-top-section elementor-element elementor-element-eb9d2d0 elementor-section-boxed elementor-section-height-default elementor-section-height-default\" data-id=\"eb9d2d0\" data-element_type=\"section\" data-e-type=\"section\">\n\t\t\t\t\t\t<div class=\"elementor-container elementor-column-gap-default\">\n\t\t\t\t\t<div class=\"elementor-column elementor-col-100 elementor-top-column elementor-element elementor-element-c73c6b2\" data-id=\"c73c6b2\" data-element_type=\"column\" data-e-type=\"column\">\n\t\t\t<div class=\"elementor-widget-wrap elementor-element-populated\">\n\t\t\t\t\t\t<div class=\"elementor-element elementor-element-1fe2d6d elementor-widget elementor-widget-image-carousel\" data-id=\"1fe2d6d\" data-element_type=\"widget\" data-e-type=\"widget\" data-settings=\"{&quot;slides_to_show&quot;:&quot;4&quot;,&quot;slides_to_scroll&quot;:&quot;4&quot;,&quot;navigation&quot;:&quot;none&quot;,&quot;autoplay&quot;:&quot;yes&quot;,&quot;pause_on_hover&quot;:&quot;yes&quot;,&quot;pause_on_interaction&quot;:&quot;yes&quot;,&quot;autoplay_speed&quot;:5000,&quot;infinite&quot;:&quot;yes&quot;,&quot;speed&quot;:500}\" data-widget_type=\"image-carousel.default\">\n\t\t\t\t<div class=\"elementor-widget-container\">\n\t\t\t\t\t\t\t<div class=\"elementor-image-carousel-wrapper swiper\" role=\"region\" aria-roledescription=\"carousel\" aria-label=\"Carrousel d\u2019images\" dir=\"ltr\">\n\t\t\t<div class=\"elementor-image-carousel swiper-wrapper\" aria-live=\"off\">\n\t\t\t\t\t\t\t\t<div class=\"swiper-slide\" role=\"group\" aria-roledescription=\"slide\" aria-label=\"1 sur 13\"><figure class=\"swiper-slide-inner\"><img decoding=\"async\" class=\"swiper-slide-image\" src=\"https:\/\/canihomme.com\/wp-content\/uploads\/2023\/05\/IMG_20230526_151311-225x300.jpg\" alt=\"colley \u00e9ducation canine\" \/><\/figure><\/div><div class=\"swiper-slide\" role=\"group\" aria-roledescription=\"slide\" aria-label=\"2 sur 13\"><figure class=\"swiper-slide-inner\"><img decoding=\"async\" class=\"swiper-slide-image\" src=\"https:\/\/canihomme.com\/wp-content\/uploads\/2023\/05\/20210809_181528-scaled-e1685541411617-291x300.jpg\" alt=\"Shiba \u00e9ducation canine\" \/><\/figure><\/div><div class=\"swiper-slide\" role=\"group\" aria-roledescription=\"slide\" aria-label=\"3 sur 13\"><figure class=\"swiper-slide-inner\"><img decoding=\"async\" class=\"swiper-slide-image\" src=\"https:\/\/canihomme.com\/wp-content\/uploads\/2023\/05\/20220301_124321-225x300.jpg\" alt=\"bouvier bernois \u00e9ducation canine\" \/><\/figure><\/div><div class=\"swiper-slide\" role=\"group\" aria-roledescription=\"slide\" aria-label=\"4 sur 13\"><figure class=\"swiper-slide-inner\"><img decoding=\"async\" class=\"swiper-slide-image\" src=\"https:\/\/canihomme.com\/wp-content\/uploads\/2023\/05\/20220320_103804-225x300.jpg\" alt=\"20220320_103804\" \/><\/figure><\/div><div class=\"swiper-slide\" role=\"group\" aria-roledescription=\"slide\" aria-label=\"5 sur 13\"><figure class=\"swiper-slide-inner\"><img decoding=\"async\" class=\"swiper-slide-image\" src=\"https:\/\/canihomme.com\/wp-content\/uploads\/2023\/05\/20220320_103828-225x300.jpg\" alt=\"20220320_103828\" \/><\/figure><\/div><div class=\"swiper-slide\" role=\"group\" aria-roledescription=\"slide\" aria-label=\"6 sur 13\"><figure class=\"swiper-slide-inner\"><img decoding=\"async\" class=\"swiper-slide-image\" src=\"https:\/\/canihomme.com\/wp-content\/uploads\/2023\/05\/20230315_174256-225x300.jpg\" alt=\"berger australien \u00e9ducation canine\" \/><\/figure><\/div><div class=\"swiper-slide\" role=\"group\" aria-roledescription=\"slide\" aria-label=\"7 sur 13\"><figure class=\"swiper-slide-inner\"><img decoding=\"async\" class=\"swiper-slide-image\" src=\"https:\/\/canihomme.com\/wp-content\/uploads\/2023\/05\/IMG_20230522_090040-225x300.jpg\" alt=\"chiot \u00e9ducation canine\" \/><\/figure><\/div><div class=\"swiper-slide\" role=\"group\" aria-roledescription=\"slide\" aria-label=\"8 sur 13\"><figure class=\"swiper-slide-inner\"><img decoding=\"async\" class=\"swiper-slide-image\" src=\"https:\/\/canihomme.com\/wp-content\/uploads\/2023\/05\/IMG_20230525_160238-225x300.jpg\" alt=\"golden \u00e9ducation canine\" \/><\/figure><\/div><div class=\"swiper-slide\" role=\"group\" aria-roledescription=\"slide\" aria-label=\"9 sur 13\"><figure class=\"swiper-slide-inner\"><img decoding=\"async\" class=\"swiper-slide-image\" src=\"https:\/\/canihomme.com\/wp-content\/uploads\/2023\/05\/20230404_143302-225x300.jpg\" alt=\"beauceron \u00e9ducation canine\" \/><\/figure><\/div><div class=\"swiper-slide\" role=\"group\" aria-roledescription=\"slide\" aria-label=\"10 sur 13\"><figure class=\"swiper-slide-inner\"><img decoding=\"async\" class=\"swiper-slide-image\" src=\"https:\/\/canihomme.com\/wp-content\/uploads\/2023\/05\/IMG_20230530_193415-scaled-e1688025105954-300x300.jpg\" alt=\"Berger Allemand et Beauceron \u00e9ducation canine\" \/><\/figure><\/div><div class=\"swiper-slide\" role=\"group\" aria-roledescription=\"slide\" aria-label=\"11 sur 13\"><figure class=\"swiper-slide-inner\"><img decoding=\"async\" class=\"swiper-slide-image\" src=\"https:\/\/canihomme.com\/wp-content\/uploads\/2023\/05\/IMG_20230529_150716-300x225.jpg\" alt=\"IMG_20230529_150716\" \/><\/figure><\/div><div class=\"swiper-slide\" role=\"group\" aria-roledescription=\"slide\" aria-label=\"12 sur 13\"><figure class=\"swiper-slide-inner\"><img decoding=\"async\" class=\"swiper-slide-image\" src=\"https:\/\/canihomme.com\/wp-content\/uploads\/2023\/05\/20201117_154935-225x300.jpg\" alt=\"20201117_154935\" \/><\/figure><\/div><div class=\"swiper-slide\" role=\"group\" aria-roledescription=\"slide\" aria-label=\"13 sur 13\"><figure class=\"swiper-slide-inner\"><img decoding=\"async\" class=\"swiper-slide-image\" src=\"https:\/\/canihomme.com\/wp-content\/uploads\/2023\/05\/20230124_170925-225x300.jpg\" alt=\"cane corso \u00e9ducation canine\" \/><\/figure><\/div>\t\t\t<\/div>\n\t\t\t\t\t\t\t\n\t\t\t\t\t\t\t\t\t<\/div>\n\t\t\t\t\t\t<\/div>\n\t\t\t\t<\/div>\n\t\t\t\t\t<\/div>\n\t\t<\/div>\n\t\t\t\t\t<\/div>\n\t\t<\/section>\n\t\t\t\t<section class=\"elementor-section elementor-top-section elementor-element elementor-element-2c7d44f elementor-section-boxed elementor-section-height-default elementor-section-height-default\" data-id=\"2c7d44f\" data-element_type=\"section\" data-e-type=\"section\">\n\t\t\t\t\t\t<div class=\"elementor-container elementor-column-gap-default\">\n\t\t\t\t\t<div class=\"elementor-column elementor-col-100 elementor-top-column elementor-element elementor-element-0e49b66\" data-id=\"0e49b66\" data-element_type=\"column\" data-e-type=\"column\">\n\t\t\t<div class=\"elementor-widget-wrap elementor-element-populated\">\n\t\t\t\t\t\t<div class=\"elementor-element elementor-element-ec677f9 elementor-hidden-desktop elementor-hidden-tablet elementor-hidden-mobile elementor-widget elementor-widget-button\" data-id=\"ec677f9\" data-element_type=\"widget\" data-e-type=\"widget\" data-widget_type=\"button.default\">\n\t\t\t\t<div class=\"elementor-widget-container\">\n\t\t\t\t\t\t\t\t\t<div class=\"elementor-button-wrapper\">\n\t\t\t\t\t<a class=\"elementor-button elementor-button-link elementor-size-sm\" href=\"https:\/\/www.google.com\/maps\/d\/edit?mid=1WXoIs6qf-_B4pOQiAzVMeynvRvLi8o0&#038;ll=49.64230990137421%2C1.5699613499999732&#038;z=9\">\n\t\t\t\t\t\t<span class=\"elementor-button-content-wrapper\">\n\t\t\t\t\t\t\t\t\t<span class=\"elementor-button-text\">zone<\/span>\n\t\t\t\t\t<\/span>\n\t\t\t\t\t<\/a>\n\t\t\t\t<\/div>\n\t\t\t\t\t\t\t\t<\/div>\n\t\t\t\t<\/div>\n\t\t\t\t\t<\/div>\n\t\t<\/div>\n\t\t\t\t\t<\/div>\n\t\t<\/section>\n\t\t\t\t<\/div>\n\t\t","protected":false},"excerpt":{"rendered":"<p>Bienvenue sur mon site d\u00e9di\u00e9 \u00e0 la compr\u00e9hension et \u00e0 l&rsquo;harmonie entre les humains et les chiens ! Si vous cherchez \u00e0 consolider ou \u00e0 cr\u00e9er votre relation avec votre compagnon, dans le respect et dans la bienveillance, alors vous \u00eates au bon endroit. Avec moi, vous allez pouvoir obtenir les cl\u00e9s essentielles pour cohabiter [&hellip;]<\/p>\n","protected":false},"author":1,"featured_media":0,"parent":0,"menu_order":0,"comment_status":"closed","ping_status":"closed","template":"","meta":{"ocean_post_layout":"","ocean_both_sidebars_style":"","ocean_both_sidebars_content_width":0,"ocean_both_sidebars_sidebars_width":0,"ocean_sidebar":"0","ocean_second_sidebar":"0","ocean_disable_margins":"enable","ocean_add_body_class":"","ocean_shortcode_before_top_bar":"","ocean_shortcode_after_top_bar":"","ocean_shortcode_before_header":"","ocean_shortcode_after_header":"","ocean_has_shortcode":"","ocean_shortcode_after_title":"","ocean_shortcode_before_footer_widgets":"","ocean_shortcode_after_footer_widgets":"","ocean_shortcode_before_footer_bottom":"","ocean_shortcode_after_footer_bottom":"","ocean_display_top_bar":"default","ocean_display_header":"default","ocean_header_style":"","ocean_center_header_left_menu":"0","ocean_custom_header_template":"0","ocean_custom_logo":0,"ocean_custom_retina_logo":0,"ocean_custom_logo_max_width":0,"ocean_custom_logo_tablet_max_width":0,"ocean_custom_logo_mobile_max_width":0,"ocean_custom_logo_max_height":0,"ocean_custom_logo_tablet_max_height":0,"ocean_custom_logo_mobile_max_height":0,"ocean_header_custom_menu":"0","ocean_menu_typo_font_family":"0","ocean_menu_typo_font_subset":"","ocean_menu_typo_font_size":0,"ocean_menu_typo_font_size_tablet":0,"ocean_menu_typo_font_size_mobile":0,"ocean_menu_typo_font_size_unit":"px","ocean_menu_typo_font_weight":"","ocean_menu_typo_font_weight_tablet":"","ocean_menu_typo_font_weight_mobile":"","ocean_menu_typo_transform":"","ocean_menu_typo_transform_tablet":"","ocean_menu_typo_transform_mobile":"","ocean_menu_typo_line_height":0,"ocean_menu_typo_line_height_tablet":0,"ocean_menu_typo_line_height_mobile":0,"ocean_menu_typo_line_height_unit":"","ocean_menu_typo_spacing":0,"ocean_menu_typo_spacing_tablet":0,"ocean_menu_typo_spacing_mobile":0,"ocean_menu_typo_spacing_unit":"","ocean_menu_link_color":"","ocean_menu_link_color_hover":"","ocean_menu_link_color_active":"","ocean_menu_link_background":"","ocean_menu_link_hover_background":"","ocean_menu_link_active_background":"","ocean_menu_social_links_bg":"","ocean_menu_social_hover_links_bg":"","ocean_menu_social_links_color":"","ocean_menu_social_hover_links_color":"","ocean_disable_title":"default","ocean_disable_heading":"default","ocean_post_title":"","ocean_post_subheading":"","ocean_post_title_style":"","ocean_post_title_background_color":"","ocean_post_title_background":0,"ocean_post_title_bg_image_position":"","ocean_post_title_bg_image_attachment":"","ocean_post_title_bg_image_repeat":"","ocean_post_title_bg_image_size":"","ocean_post_title_height":0,"ocean_post_title_bg_overlay":0.5,"ocean_post_title_bg_overlay_color":"","ocean_disable_breadcrumbs":"default","ocean_breadcrumbs_color":"","ocean_breadcrumbs_separator_color":"","ocean_breadcrumbs_links_color":"","ocean_breadcrumbs_links_hover_color":"","ocean_display_footer_widgets":"default","ocean_display_footer_bottom":"default","ocean_custom_footer_template":"0","footnotes":""},"class_list":["post-8","page","type-page","status-publish","hentry","entry"],"yoast_head":"<!-- This site is optimized with the Yoast SEO plugin v27.4 - https:\/\/yoast.com\/product\/yoast-seo-wordpress\/ -->\n<title>Educateur canin - Rouen - Beauvais - Dieppe - CANI-HOMME<\/title>\n<meta name=\"description\" content=\"L&#039;\u00e9ducation canine bienveillante et importance du bin\u00f4me humain - chien. Secteurs Rouen \/ Beauvais et Dieppe.\" \/>\n<meta name=\"robots\" content=\"index, follow, max-snippet:-1, max-image-preview:large, max-video-preview:-1\" \/>\n<link rel=\"canonical\" href=\"https:\/\/canihomme.com\/\" \/>\n<meta property=\"og:locale\" content=\"fr_FR\" \/>\n<meta property=\"og:type\" content=\"article\" \/>\n<meta property=\"og:title\" content=\"Educateur canin - Rouen - Beauvais - Dieppe - CANI-HOMME\" \/>\n<meta property=\"og:description\" content=\"L&#039;\u00e9ducation canine bienveillante et importance du bin\u00f4me humain - chien. Secteurs Rouen \/ Beauvais et Dieppe.\" \/>\n<meta property=\"og:url\" content=\"https:\/\/canihomme.com\/\" \/>\n<meta property=\"og:site_name\" content=\"Cani-Homme Educateur Canin Rouen Beauvais Dieppe\" \/>\n<meta property=\"article:modified_time\" content=\"2023-08-12T19:30:05+00:00\" \/>\n<meta property=\"og:image\" content=\"https:\/\/canihomme.com\/wp-content\/uploads\/2023\/05\/IMG_20230526_151311-225x300.jpg\" \/>\n<meta name=\"twitter:card\" content=\"summary_large_image\" \/>\n<meta name=\"twitter:label1\" content=\"Dur\u00e9e de lecture estim\u00e9e\" \/>\n\t<meta name=\"twitter:data1\" content=\"4 minutes\" \/>\n<script type=\"application\/ld+json\" class=\"yoast-schema-graph\">{\"@context\":\"https:\\\/\\\/schema.org\",\"@graph\":[{\"@type\":\"WebPage\",\"@id\":\"https:\\\/\\\/canihomme.com\\\/\",\"url\":\"https:\\\/\\\/canihomme.com\\\/\",\"name\":\"Educateur canin - Rouen - Beauvais - Dieppe - CANI-HOMME\",\"isPartOf\":{\"@id\":\"https:\\\/\\\/canihomme.com\\\/#website\"},\"primaryImageOfPage\":{\"@id\":\"https:\\\/\\\/canihomme.com\\\/#primaryimage\"},\"image\":{\"@id\":\"https:\\\/\\\/canihomme.com\\\/#primaryimage\"},\"thumbnailUrl\":\"https:\\\/\\\/canihomme.com\\\/wp-content\\\/uploads\\\/2023\\\/05\\\/IMG_20230526_151311-225x300.jpg\",\"datePublished\":\"2023-05-30T10:15:12+00:00\",\"dateModified\":\"2023-08-12T19:30:05+00:00\",\"description\":\"L'\u00e9ducation canine bienveillante et importance du bin\u00f4me humain - chien. Secteurs Rouen \\\/ Beauvais et Dieppe.\",\"breadcrumb\":{\"@id\":\"https:\\\/\\\/canihomme.com\\\/#breadcrumb\"},\"inLanguage\":\"fr-FR\",\"potentialAction\":[{\"@type\":\"ReadAction\",\"target\":[\"https:\\\/\\\/canihomme.com\\\/\"]}]},{\"@type\":\"ImageObject\",\"inLanguage\":\"fr-FR\",\"@id\":\"https:\\\/\\\/canihomme.com\\\/#primaryimage\",\"url\":\"https:\\\/\\\/canihomme.com\\\/wp-content\\\/uploads\\\/2023\\\/05\\\/IMG_20230526_151311-scaled.jpg\",\"contentUrl\":\"https:\\\/\\\/canihomme.com\\\/wp-content\\\/uploads\\\/2023\\\/05\\\/IMG_20230526_151311-scaled.jpg\",\"width\":1920,\"height\":2560,\"caption\":\"colley \u00e9ducation canine\"},{\"@type\":\"BreadcrumbList\",\"@id\":\"https:\\\/\\\/canihomme.com\\\/#breadcrumb\",\"itemListElement\":[{\"@type\":\"ListItem\",\"position\":1,\"name\":\"Accueil\",\"item\":\"https:\\\/\\\/canihomme.com\\\/\"},{\"@type\":\"ListItem\",\"position\":2,\"name\":\"ACCUEIL\"}]},{\"@type\":\"WebSite\",\"@id\":\"https:\\\/\\\/canihomme.com\\\/#website\",\"url\":\"https:\\\/\\\/canihomme.com\\\/\",\"name\":\"Cani-Homme Educateur Canin Rouen Beauvais Dieppe\",\"description\":\"Un site utilisant WordPress\",\"potentialAction\":[{\"@type\":\"SearchAction\",\"target\":{\"@type\":\"EntryPoint\",\"urlTemplate\":\"https:\\\/\\\/canihomme.com\\\/?s={search_term_string}\"},\"query-input\":{\"@type\":\"PropertyValueSpecification\",\"valueRequired\":true,\"valueName\":\"search_term_string\"}}],\"inLanguage\":\"fr-FR\"}]}<\/script>\n<!-- \/ Yoast SEO plugin. -->","yoast_head_json":{"title":"Educateur canin - Rouen - Beauvais - Dieppe - CANI-HOMME","description":"L'\u00e9ducation canine bienveillante et importance du bin\u00f4me humain - chien. Secteurs Rouen \/ Beauvais et Dieppe.","robots":{"index":"index","follow":"follow","max-snippet":"max-snippet:-1","max-image-preview":"max-image-preview:large","max-video-preview":"max-video-preview:-1"},"canonical":"https:\/\/canihomme.com\/","og_locale":"fr_FR","og_type":"article","og_title":"Educateur canin - Rouen - Beauvais - Dieppe - CANI-HOMME","og_description":"L'\u00e9ducation canine bienveillante et importance du bin\u00f4me humain - chien. Secteurs Rouen \/ Beauvais et Dieppe.","og_url":"https:\/\/canihomme.com\/","og_site_name":"Cani-Homme Educateur Canin Rouen Beauvais Dieppe","article_modified_time":"2023-08-12T19:30:05+00:00","og_image":[{"url":"https:\/\/canihomme.com\/wp-content\/uploads\/2023\/05\/IMG_20230526_151311-225x300.jpg","type":"","width":"","height":""}],"twitter_card":"summary_large_image","twitter_misc":{"Dur\u00e9e de lecture estim\u00e9e":"4 minutes"},"schema":{"@context":"https:\/\/schema.org","@graph":[{"@type":"WebPage","@id":"https:\/\/canihomme.com\/","url":"https:\/\/canihomme.com\/","name":"Educateur canin - Rouen - Beauvais - Dieppe - CANI-HOMME","isPartOf":{"@id":"https:\/\/canihomme.com\/#website"},"primaryImageOfPage":{"@id":"https:\/\/canihomme.com\/#primaryimage"},"image":{"@id":"https:\/\/canihomme.com\/#primaryimage"},"thumbnailUrl":"https:\/\/canihomme.com\/wp-content\/uploads\/2023\/05\/IMG_20230526_151311-225x300.jpg","datePublished":"2023-05-30T10:15:12+00:00","dateModified":"2023-08-12T19:30:05+00:00","description":"L'\u00e9ducation canine bienveillante et importance du bin\u00f4me humain - chien. Secteurs Rouen \/ Beauvais et Dieppe.","breadcrumb":{"@id":"https:\/\/canihomme.com\/#breadcrumb"},"inLanguage":"fr-FR","potentialAction":[{"@type":"ReadAction","target":["https:\/\/canihomme.com\/"]}]},{"@type":"ImageObject","inLanguage":"fr-FR","@id":"https:\/\/canihomme.com\/#primaryimage","url":"https:\/\/canihomme.com\/wp-content\/uploads\/2023\/05\/IMG_20230526_151311-scaled.jpg","contentUrl":"https:\/\/canihomme.com\/wp-content\/uploads\/2023\/05\/IMG_20230526_151311-scaled.jpg","width":1920,"height":2560,"caption":"colley \u00e9ducation canine"},{"@type":"BreadcrumbList","@id":"https:\/\/canihomme.com\/#breadcrumb","itemListElement":[{"@type":"ListItem","position":1,"name":"Accueil","item":"https:\/\/canihomme.com\/"},{"@type":"ListItem","position":2,"name":"ACCUEIL"}]},{"@type":"WebSite","@id":"https:\/\/canihomme.com\/#website","url":"https:\/\/canihomme.com\/","name":"Cani-Homme Educateur Canin Rouen Beauvais Dieppe","description":"Un site utilisant WordPress","potentialAction":[{"@type":"SearchAction","target":{"@type":"EntryPoint","urlTemplate":"https:\/\/canihomme.com\/?s={search_term_string}"},"query-input":{"@type":"PropertyValueSpecification","valueRequired":true,"valueName":"search_term_string"}}],"inLanguage":"fr-FR"}]}},"_links":{"self":[{"href":"https:\/\/canihomme.com\/index.php\/wp-json\/wp\/v2\/pages\/8","targetHints":{"allow":["GET"]}}],"collection":[{"href":"https:\/\/canihomme.com\/index.php\/wp-json\/wp\/v2\/pages"}],"about":[{"href":"https:\/\/canihomme.com\/index.php\/wp-json\/wp\/v2\/types\/page"}],"author":[{"embeddable":true,"href":"https:\/\/canihomme.com\/index.php\/wp-json\/wp\/v2\/users\/1"}],"replies":[{"embeddable":true,"href":"https:\/\/canihomme.com\/index.php\/wp-json\/wp\/v2\/comments?post=8"}],"version-history":[{"count":40,"href":"https:\/\/canihomme.com\/index.php\/wp-json\/wp\/v2\/pages\/8\/revisions"}],"predecessor-version":[{"id":474,"href":"https:\/\/canihomme.com\/index.php\/wp-json\/wp\/v2\/pages\/8\/revisions\/474"}],"wp:attachment":[{"href":"https:\/\/canihomme.com\/index.php\/wp-json\/wp\/v2\/media?parent=8"}],"curies":[{"name":"wp","href":"https:\/\/api.w.org\/{rel}","templated":true}]}}