{"id":10,"date":"2023-05-30T12:18:28","date_gmt":"2023-05-30T10:18:28","guid":{"rendered":"http:\/\/canihomme.com\/?page_id=10"},"modified":"2023-08-12T21:31:11","modified_gmt":"2023-08-12T19:31:11","slug":"qui-suis-je","status":"publish","type":"page","link":"https:\/\/canihomme.com\/index.php\/qui-suis-je\/","title":{"rendered":"QUI SUIS-JE ?"},"content":{"rendered":"\t\t<div data-elementor-type=\"wp-page\" data-elementor-id=\"10\" class=\"elementor elementor-10\">\n\t\t\t\t\t\t<section class=\"elementor-section elementor-top-section elementor-element elementor-element-4316456 elementor-section-boxed elementor-section-height-default elementor-section-height-default\" data-id=\"4316456\" data-element_type=\"section\" data-e-type=\"section\">\n\t\t\t\t\t\t<div class=\"elementor-container elementor-column-gap-default\">\n\t\t\t\t\t<div class=\"elementor-column elementor-col-100 elementor-top-column elementor-element elementor-element-984345d\" data-id=\"984345d\" data-element_type=\"column\" data-e-type=\"column\">\n\t\t\t<div class=\"elementor-widget-wrap elementor-element-populated\">\n\t\t\t\t\t\t<div class=\"elementor-element elementor-element-6a0e1e6 elementor-widget elementor-widget-text-editor\" data-id=\"6a0e1e6\" data-element_type=\"widget\" data-e-type=\"widget\" data-widget_type=\"text-editor.default\">\n\t\t\t\t<div class=\"elementor-widget-container\">\n\t\t\t\t\t\t\t\t\t<p>En tant que professionnelle passionn\u00e9e du monde canin, mon objectif est d&rsquo;\u00e9tablir une relation bienveillante et respectueuse avec nos compagnons. Je crois fermement que les chiens m\u00e9ritent d&rsquo;\u00eatre compris dans leur int\u00e9gralit\u00e9. Et ce, au-del\u00e0 des simples commandes de base telles que \u00ab\u00a0assis\u00a0\u00bb, \u00ab\u00a0couch\u00e9\u00a0\u00bb ou \u00ab\u00a0pas bouger\u00a0\u00bb.<\/p><p>Ma vision du chien repose sur le fait de reconna\u00eetre leur capacit\u00e9 \u00e0 prendre des d\u00e9cisions autonomes. Toutefois, tout comme nous les humains, les chiens poss\u00e8dent leurs propres \u00e9motions, instincts et besoins. Si bien qu&rsquo;en travaillant ensemble, nous pourrons d\u00e9velopper une relation bas\u00e9e sur la confiance mutuelle et la communication.<\/p><p>Mon approche respecte l&rsquo;individualit\u00e9 de chaque chien et met l&rsquo;accent sur l&rsquo;apprentissage mutuel. Je vous accompagnerai dans la d\u00e9couverte de votre chien, en vous aidant \u00e0 comprendre ses comportements, ses signaux et ses besoins sp\u00e9cifiques. Car, ensemble, nous cr\u00e9erons un environnement qui favorisera son \u00e9panouissement, sa confiance en lui et son autonomie.<\/p><p>Au-del\u00e0 des simples techniques d&rsquo;\u00e9ducation, je vous invite \u00e0 d\u00e9couvrir une nouvelle fa\u00e7on de penser la relation entre l&rsquo;homme et le chien. Mon objectif est de vous donner les cl\u00e9s pour comprendre v\u00e9ritablement votre chien et construire une relation harmonieuse, bas\u00e9e sur le respect mutuel.<\/p>\t\t\t\t\t\t\t\t<\/div>\n\t\t\t\t<\/div>\n\t\t\t\t\t<\/div>\n\t\t<\/div>\n\t\t\t\t\t<\/div>\n\t\t<\/section>\n\t\t\t\t<section class=\"elementor-section elementor-top-section elementor-element elementor-element-e56f163 elementor-section-boxed elementor-section-height-default elementor-section-height-default\" data-id=\"e56f163\" data-element_type=\"section\" data-e-type=\"section\" data-settings=\"{&quot;background_background&quot;:&quot;slideshow&quot;,&quot;background_slideshow_gallery&quot;:[],&quot;background_slideshow_loop&quot;:&quot;yes&quot;,&quot;background_slideshow_slide_duration&quot;:5000,&quot;background_slideshow_slide_transition&quot;:&quot;fade&quot;,&quot;background_slideshow_transition_duration&quot;:500}\">\n\t\t\t\t\t\t<div class=\"elementor-container elementor-column-gap-default\">\n\t\t\t\t\t<div class=\"elementor-column elementor-col-100 elementor-top-column elementor-element elementor-element-a3f9d60\" data-id=\"a3f9d60\" data-element_type=\"column\" data-e-type=\"column\">\n\t\t\t<div class=\"elementor-widget-wrap elementor-element-populated\">\n\t\t\t\t\t\t<section class=\"elementor-section elementor-inner-section elementor-element elementor-element-5561031 elementor-section-boxed elementor-section-height-default elementor-section-height-default\" data-id=\"5561031\" data-element_type=\"section\" data-e-type=\"section\">\n\t\t\t\t\t\t<div class=\"elementor-container elementor-column-gap-default\">\n\t\t\t\t\t<div class=\"elementor-column elementor-col-50 elementor-inner-column elementor-element elementor-element-b66c8d3\" data-id=\"b66c8d3\" data-element_type=\"column\" data-e-type=\"column\">\n\t\t\t<div class=\"elementor-widget-wrap elementor-element-populated\">\n\t\t\t\t\t\t<div class=\"elementor-element elementor-element-4d771e1 elementor-widget elementor-widget-text-editor\" data-id=\"4d771e1\" data-element_type=\"widget\" data-e-type=\"widget\" data-widget_type=\"text-editor.default\">\n\t\t\t\t<div class=\"elementor-widget-container\">\n\t\t\t\t\t\t\t\t\t<p><strong>Pour pouvoir vous proposer cette vision de l\u2019\u00e9ducation, je suis all\u00e9e me former au CFPPA de S\u00e9es, dans l\u2019Orne (61). Ainsi, j&rsquo;ai obtenu le Brevet Professionnel d\u2019Educateur Canin. De m\u00eame, pendant cette formation, j\u2019ai eu le plaisir de rencontrer des intervenants de qualit\u00e9 qui m\u2019ont permis d\u2019\u00e9toffer ma culture chien :<\/strong><\/p><ul><li><strong>K\u00e9vin Caria : (\u00a0<span style=\"text-decoration: underline;\"><a href=\"https:\/\/www.denaturecanine.fr\/\" target=\"_blank\" rel=\"noopener\">De Nature Canine )<\/a><\/span><\/strong><\/li><li><strong>Val\u00e9rie Goncalves : (\u00a0<span style=\"text-decoration: underline;\"><a href=\"https:\/\/www.chiensdesvilles.com\/\" target=\"_blank\" rel=\"noopener\">Chiens des villes )<\/a><\/span><\/strong><\/li><li><strong>Sasha Goldman : (\u00a0<span style=\"text-decoration: underline;\"><a href=\"http:\/\/www.dogfaculty.com\/\" target=\"_blank\" rel=\"noopener\">Dog Faculty )<\/a><\/span><\/strong><\/li><li><strong>Am\u00e9lie Clert : (\u00a0<span style=\"text-decoration: underline;\"><a href=\"https:\/\/unchiendansmavie.fr\/\" target=\"_blank\" rel=\"noopener\">Un chien dans ma vie )<\/a><\/span><\/strong><\/li><li><strong>La\u00ebtitia B\u00e9arzi : (\u00a0<span style=\"text-decoration: underline;\"><a href=\"https:\/\/www.maindanslapatte.fr\/\" target=\"_blank\" rel=\"noopener\">Main dans la patte )<\/a><\/span><\/strong><\/li><li><strong>S\u00e9verine Belkhir : (\u00a0<span style=\"text-decoration: underline;\"><a href=\"https:\/\/animal-university.fr\/\" target=\"_blank\" rel=\"noopener\">Animal University )<\/a><\/span><\/strong><\/li><li><strong>B\u00e9rang\u00e8re Roignant : Formatrice principale<\/strong><\/li><\/ul><p><strong>De plus, il m&rsquo;a \u00e9t\u00e9 dispens\u00e9 un module sur le secourisme canin et f\u00e9lin pour lequel un certificat m&rsquo;a \u00e9t\u00e9 d\u00e9livr\u00e9.<\/strong><\/p><p><strong>En conclusion, je pars du principe que nous apprenons tous, tous les jours. De ce fait, je continu de me former afin d\u2019acqu\u00e9rir ou de consolider mes connaissances pour toujours mieux aider les bin\u00f4mes humain\/chien.<\/strong><\/p>\t\t\t\t\t\t\t\t<\/div>\n\t\t\t\t<\/div>\n\t\t\t\t\t<\/div>\n\t\t<\/div>\n\t\t\t\t<div class=\"elementor-column elementor-col-50 elementor-inner-column elementor-element elementor-element-a9f285f\" data-id=\"a9f285f\" data-element_type=\"column\" data-e-type=\"column\">\n\t\t\t<div class=\"elementor-widget-wrap elementor-element-populated\">\n\t\t\t\t\t\t<div class=\"elementor-element elementor-element-9a389c0 elementor-widget elementor-widget-image\" data-id=\"9a389c0\" data-element_type=\"widget\" data-e-type=\"widget\" data-widget_type=\"image.default\">\n\t\t\t\t<div class=\"elementor-widget-container\">\n\t\t\t\t\t\t\t\t\t\t\t\t<figure class=\"wp-caption\">\n\t\t\t\t\t\t\t\t\t\t<img fetchpriority=\"high\" decoding=\"async\" width=\"768\" height=\"768\" src=\"https:\/\/canihomme.com\/wp-content\/uploads\/2023\/05\/IMG_20230530_193415-scaled-e1688025105954-768x768.jpg\" class=\"attachment-medium_large size-medium_large wp-image-64\" alt=\"Berger Allemand et Beauceron \u00e9ducation canine\" srcset=\"https:\/\/canihomme.com\/wp-content\/uploads\/2023\/05\/IMG_20230530_193415-scaled-e1688025105954-768x768.jpg 768w, https:\/\/canihomme.com\/wp-content\/uploads\/2023\/05\/IMG_20230530_193415-scaled-e1688025105954-300x300.jpg 300w, https:\/\/canihomme.com\/wp-content\/uploads\/2023\/05\/IMG_20230530_193415-scaled-e1688025105954-1024x1024.jpg 1024w, https:\/\/canihomme.com\/wp-content\/uploads\/2023\/05\/IMG_20230530_193415-scaled-e1688025105954-150x150.jpg 150w, https:\/\/canihomme.com\/wp-content\/uploads\/2023\/05\/IMG_20230530_193415-scaled-e1688025105954-1536x1536.jpg 1536w, https:\/\/canihomme.com\/wp-content\/uploads\/2023\/05\/IMG_20230530_193415-scaled-e1688025105954-600x600.jpg 600w, https:\/\/canihomme.com\/wp-content\/uploads\/2023\/05\/IMG_20230530_193415-scaled-e1688025105954.jpg 1868w\" sizes=\"(max-width: 768px) 100vw, 768px\" \/>\t\t\t\t\t\t\t\t\t\t\t<figcaption class=\"widget-image-caption wp-caption-text\">Petite sortie entre chiens<\/figcaption>\n\t\t\t\t\t\t\t\t\t\t<\/figure>\n\t\t\t\t\t\t\t\t\t<\/div>\n\t\t\t\t<\/div>\n\t\t\t\t\t<\/div>\n\t\t<\/div>\n\t\t\t\t\t<\/div>\n\t\t<\/section>\n\t\t\t\t\t<\/div>\n\t\t<\/div>\n\t\t\t\t\t<\/div>\n\t\t<\/section>\n\t\t\t\t<section class=\"elementor-section elementor-top-section elementor-element elementor-element-a189b75 elementor-section-boxed elementor-section-height-default elementor-section-height-default\" data-id=\"a189b75\" data-element_type=\"section\" data-e-type=\"section\">\n\t\t\t\t\t\t<div class=\"elementor-container elementor-column-gap-default\">\n\t\t\t\t\t<div class=\"elementor-column elementor-col-100 elementor-top-column elementor-element elementor-element-e264bce\" data-id=\"e264bce\" data-element_type=\"column\" data-e-type=\"column\">\n\t\t\t<div class=\"elementor-widget-wrap elementor-element-populated\">\n\t\t\t\t\t\t<div class=\"elementor-element elementor-element-03ec3c2 elementor-align-center elementor-widget elementor-widget-button\" data-id=\"03ec3c2\" data-element_type=\"widget\" data-e-type=\"widget\" data-widget_type=\"button.default\">\n\t\t\t\t<div class=\"elementor-widget-container\">\n\t\t\t\t\t\t\t\t\t<div class=\"elementor-button-wrapper\">\n\t\t\t\t\t<a class=\"elementor-button elementor-button-link elementor-size-sm\" href=\"https:\/\/canihomme.com\/index.php\/services-education-bilan-pension\/\">\n\t\t\t\t\t\t<span class=\"elementor-button-content-wrapper\">\n\t\t\t\t\t\t\t\t\t<span class=\"elementor-button-text\">SERVICES<\/span>\n\t\t\t\t\t<\/span>\n\t\t\t\t\t<\/a>\n\t\t\t\t<\/div>\n\t\t\t\t\t\t\t\t<\/div>\n\t\t\t\t<\/div>\n\t\t\t\t\t<\/div>\n\t\t<\/div>\n\t\t\t\t\t<\/div>\n\t\t<\/section>\n\t\t\t\t<\/div>\n\t\t","protected":false},"excerpt":{"rendered":"<p>En tant que professionnelle passionn\u00e9e du monde canin, mon objectif est d&rsquo;\u00e9tablir une relation bienveillante et respectueuse avec nos compagnons. Je crois fermement que les chiens m\u00e9ritent d&rsquo;\u00eatre compris dans leur int\u00e9gralit\u00e9. Et ce, au-del\u00e0 des simples commandes de base telles que \u00ab\u00a0assis\u00a0\u00bb, \u00ab\u00a0couch\u00e9\u00a0\u00bb ou \u00ab\u00a0pas bouger\u00a0\u00bb. Ma vision du chien repose sur le fait [&hellip;]<\/p>\n","protected":false},"author":1,"featured_media":0,"parent":0,"menu_order":0,"comment_status":"closed","ping_status":"closed","template":"","meta":{"ocean_post_layout":"","ocean_both_sidebars_style":"","ocean_both_sidebars_content_width":0,"ocean_both_sidebars_sidebars_width":0,"ocean_sidebar":"0","ocean_second_sidebar":"0","ocean_disable_margins":"enable","ocean_add_body_class":"","ocean_shortcode_before_top_bar":"","ocean_shortcode_after_top_bar":"","ocean_shortcode_before_header":"","ocean_shortcode_after_header":"","ocean_has_shortcode":"","ocean_shortcode_after_title":"","ocean_shortcode_before_footer_widgets":"","ocean_shortcode_after_footer_widgets":"","ocean_shortcode_before_footer_bottom":"","ocean_shortcode_after_footer_bottom":"","ocean_display_top_bar":"default","ocean_display_header":"default","ocean_header_style":"","ocean_center_header_left_menu":"0","ocean_custom_header_template":"0","ocean_custom_logo":0,"ocean_custom_retina_logo":0,"ocean_custom_logo_max_width":0,"ocean_custom_logo_tablet_max_width":0,"ocean_custom_logo_mobile_max_width":0,"ocean_custom_logo_max_height":0,"ocean_custom_logo_tablet_max_height":0,"ocean_custom_logo_mobile_max_height":0,"ocean_header_custom_menu":"0","ocean_menu_typo_font_family":"0","ocean_menu_typo_font_subset":"","ocean_menu_typo_font_size":0,"ocean_menu_typo_font_size_tablet":0,"ocean_menu_typo_font_size_mobile":0,"ocean_menu_typo_font_size_unit":"px","ocean_menu_typo_font_weight":"","ocean_menu_typo_font_weight_tablet":"","ocean_menu_typo_font_weight_mobile":"","ocean_menu_typo_transform":"","ocean_menu_typo_transform_tablet":"","ocean_menu_typo_transform_mobile":"","ocean_menu_typo_line_height":0,"ocean_menu_typo_line_height_tablet":0,"ocean_menu_typo_line_height_mobile":0,"ocean_menu_typo_line_height_unit":"","ocean_menu_typo_spacing":0,"ocean_menu_typo_spacing_tablet":0,"ocean_menu_typo_spacing_mobile":0,"ocean_menu_typo_spacing_unit":"","ocean_menu_link_color":"","ocean_menu_link_color_hover":"","ocean_menu_link_color_active":"","ocean_menu_link_background":"","ocean_menu_link_hover_background":"","ocean_menu_link_active_background":"","ocean_menu_social_links_bg":"","ocean_menu_social_hover_links_bg":"","ocean_menu_social_links_color":"","ocean_menu_social_hover_links_color":"","ocean_disable_title":"default","ocean_disable_heading":"default","ocean_post_title":"","ocean_post_subheading":"","ocean_post_title_style":"","ocean_post_title_background_color":"","ocean_post_title_background":0,"ocean_post_title_bg_image_position":"","ocean_post_title_bg_image_attachment":"","ocean_post_title_bg_image_repeat":"","ocean_post_title_bg_image_size":"","ocean_post_title_height":0,"ocean_post_title_bg_overlay":0.5,"ocean_post_title_bg_overlay_color":"","ocean_disable_breadcrumbs":"default","ocean_breadcrumbs_color":"","ocean_breadcrumbs_separator_color":"","ocean_breadcrumbs_links_color":"","ocean_breadcrumbs_links_hover_color":"","ocean_display_footer_widgets":"default","ocean_display_footer_bottom":"default","ocean_custom_footer_template":"0","footnotes":""},"class_list":["post-10","page","type-page","status-publish","hentry","entry"],"yoast_head":"<!-- This site is optimized with the Yoast SEO plugin v27.5 - https:\/\/yoast.com\/product\/yoast-seo-wordpress\/ -->\n<title>Educateur Canin - Rouen - Dieppe - QUI SUIS-JE ?<\/title>\n<meta name=\"description\" content=\"Professionnelle du monde canin, mon objectif est d\u2019\u00e9tablir une relation bienveillante et respectueuse avec nos compagnons \u00e0 quatre pattes.\" \/>\n<meta name=\"robots\" content=\"index, follow, max-snippet:-1, max-image-preview:large, max-video-preview:-1\" \/>\n<link rel=\"canonical\" href=\"https:\/\/canihomme.com\/index.php\/qui-suis-je\/\" \/>\n<meta property=\"og:locale\" content=\"fr_FR\" \/>\n<meta property=\"og:type\" content=\"article\" \/>\n<meta property=\"og:title\" content=\"Educateur Canin - Rouen - Dieppe - QUI SUIS-JE ?\" \/>\n<meta property=\"og:description\" content=\"Professionnelle du monde canin, mon objectif est d\u2019\u00e9tablir une relation bienveillante et respectueuse avec nos compagnons \u00e0 quatre pattes.\" \/>\n<meta property=\"og:url\" content=\"https:\/\/canihomme.com\/index.php\/qui-suis-je\/\" \/>\n<meta property=\"og:site_name\" content=\"Cani-Homme Educateur Canin Rouen Beauvais Dieppe\" \/>\n<meta property=\"article:modified_time\" content=\"2023-08-12T19:31:11+00:00\" \/>\n<meta property=\"og:image\" content=\"https:\/\/canihomme.com\/wp-content\/uploads\/2023\/05\/IMG_20230530_193415-scaled-e1688025105954-768x768.jpg\" \/>\n<meta name=\"twitter:card\" content=\"summary_large_image\" \/>\n<meta name=\"twitter:label1\" content=\"Dur\u00e9e de lecture estim\u00e9e\" \/>\n\t<meta name=\"twitter:data1\" content=\"2 minutes\" \/>\n<script type=\"application\/ld+json\" class=\"yoast-schema-graph\">{\"@context\":\"https:\\\/\\\/schema.org\",\"@graph\":[{\"@type\":\"WebPage\",\"@id\":\"https:\\\/\\\/canihomme.com\\\/index.php\\\/qui-suis-je\\\/\",\"url\":\"https:\\\/\\\/canihomme.com\\\/index.php\\\/qui-suis-je\\\/\",\"name\":\"Educateur Canin - Rouen - Dieppe - QUI SUIS-JE ?\",\"isPartOf\":{\"@id\":\"https:\\\/\\\/canihomme.com\\\/#website\"},\"primaryImageOfPage\":{\"@id\":\"https:\\\/\\\/canihomme.com\\\/index.php\\\/qui-suis-je\\\/#primaryimage\"},\"image\":{\"@id\":\"https:\\\/\\\/canihomme.com\\\/index.php\\\/qui-suis-je\\\/#primaryimage\"},\"thumbnailUrl\":\"https:\\\/\\\/canihomme.com\\\/wp-content\\\/uploads\\\/2023\\\/05\\\/IMG_20230530_193415-scaled-e1688025105954-768x768.jpg\",\"datePublished\":\"2023-05-30T10:18:28+00:00\",\"dateModified\":\"2023-08-12T19:31:11+00:00\",\"description\":\"Professionnelle du monde canin, mon objectif est d\u2019\u00e9tablir une relation bienveillante et respectueuse avec nos compagnons \u00e0 quatre pattes.\",\"breadcrumb\":{\"@id\":\"https:\\\/\\\/canihomme.com\\\/index.php\\\/qui-suis-je\\\/#breadcrumb\"},\"inLanguage\":\"fr-FR\",\"potentialAction\":[{\"@type\":\"ReadAction\",\"target\":[\"https:\\\/\\\/canihomme.com\\\/index.php\\\/qui-suis-je\\\/\"]}]},{\"@type\":\"ImageObject\",\"inLanguage\":\"fr-FR\",\"@id\":\"https:\\\/\\\/canihomme.com\\\/index.php\\\/qui-suis-je\\\/#primaryimage\",\"url\":\"https:\\\/\\\/canihomme.com\\\/wp-content\\\/uploads\\\/2023\\\/05\\\/IMG_20230530_193415-scaled-e1688025105954.jpg\",\"contentUrl\":\"https:\\\/\\\/canihomme.com\\\/wp-content\\\/uploads\\\/2023\\\/05\\\/IMG_20230530_193415-scaled-e1688025105954.jpg\",\"width\":1868,\"height\":1868,\"caption\":\"Berger Allemand et Beauceron \u00e9ducation canine\"},{\"@type\":\"BreadcrumbList\",\"@id\":\"https:\\\/\\\/canihomme.com\\\/index.php\\\/qui-suis-je\\\/#breadcrumb\",\"itemListElement\":[{\"@type\":\"ListItem\",\"position\":1,\"name\":\"Accueil\",\"item\":\"https:\\\/\\\/canihomme.com\\\/\"},{\"@type\":\"ListItem\",\"position\":2,\"name\":\"QUI SUIS-JE ?\"}]},{\"@type\":\"WebSite\",\"@id\":\"https:\\\/\\\/canihomme.com\\\/#website\",\"url\":\"https:\\\/\\\/canihomme.com\\\/\",\"name\":\"Cani-Homme Educateur Canin Rouen Beauvais Dieppe\",\"description\":\"Un site utilisant WordPress\",\"potentialAction\":[{\"@type\":\"SearchAction\",\"target\":{\"@type\":\"EntryPoint\",\"urlTemplate\":\"https:\\\/\\\/canihomme.com\\\/?s={search_term_string}\"},\"query-input\":{\"@type\":\"PropertyValueSpecification\",\"valueRequired\":true,\"valueName\":\"search_term_string\"}}],\"inLanguage\":\"fr-FR\"}]}<\/script>\n<!-- \/ Yoast SEO plugin. -->","yoast_head_json":{"title":"Educateur Canin - Rouen - Dieppe - QUI SUIS-JE ?","description":"Professionnelle du monde canin, mon objectif est d\u2019\u00e9tablir une relation bienveillante et respectueuse avec nos compagnons \u00e0 quatre pattes.","robots":{"index":"index","follow":"follow","max-snippet":"max-snippet:-1","max-image-preview":"max-image-preview:large","max-video-preview":"max-video-preview:-1"},"canonical":"https:\/\/canihomme.com\/index.php\/qui-suis-je\/","og_locale":"fr_FR","og_type":"article","og_title":"Educateur Canin - Rouen - Dieppe - QUI SUIS-JE ?","og_description":"Professionnelle du monde canin, mon objectif est d\u2019\u00e9tablir une relation bienveillante et respectueuse avec nos compagnons \u00e0 quatre pattes.","og_url":"https:\/\/canihomme.com\/index.php\/qui-suis-je\/","og_site_name":"Cani-Homme Educateur Canin Rouen Beauvais Dieppe","article_modified_time":"2023-08-12T19:31:11+00:00","og_image":[{"url":"https:\/\/canihomme.com\/wp-content\/uploads\/2023\/05\/IMG_20230530_193415-scaled-e1688025105954-768x768.jpg","type":"","width":"","height":""}],"twitter_card":"summary_large_image","twitter_misc":{"Dur\u00e9e de lecture estim\u00e9e":"2 minutes"},"schema":{"@context":"https:\/\/schema.org","@graph":[{"@type":"WebPage","@id":"https:\/\/canihomme.com\/index.php\/qui-suis-je\/","url":"https:\/\/canihomme.com\/index.php\/qui-suis-je\/","name":"Educateur Canin - Rouen - Dieppe - QUI SUIS-JE ?","isPartOf":{"@id":"https:\/\/canihomme.com\/#website"},"primaryImageOfPage":{"@id":"https:\/\/canihomme.com\/index.php\/qui-suis-je\/#primaryimage"},"image":{"@id":"https:\/\/canihomme.com\/index.php\/qui-suis-je\/#primaryimage"},"thumbnailUrl":"https:\/\/canihomme.com\/wp-content\/uploads\/2023\/05\/IMG_20230530_193415-scaled-e1688025105954-768x768.jpg","datePublished":"2023-05-30T10:18:28+00:00","dateModified":"2023-08-12T19:31:11+00:00","description":"Professionnelle du monde canin, mon objectif est d\u2019\u00e9tablir une relation bienveillante et respectueuse avec nos compagnons \u00e0 quatre pattes.","breadcrumb":{"@id":"https:\/\/canihomme.com\/index.php\/qui-suis-je\/#breadcrumb"},"inLanguage":"fr-FR","potentialAction":[{"@type":"ReadAction","target":["https:\/\/canihomme.com\/index.php\/qui-suis-je\/"]}]},{"@type":"ImageObject","inLanguage":"fr-FR","@id":"https:\/\/canihomme.com\/index.php\/qui-suis-je\/#primaryimage","url":"https:\/\/canihomme.com\/wp-content\/uploads\/2023\/05\/IMG_20230530_193415-scaled-e1688025105954.jpg","contentUrl":"https:\/\/canihomme.com\/wp-content\/uploads\/2023\/05\/IMG_20230530_193415-scaled-e1688025105954.jpg","width":1868,"height":1868,"caption":"Berger Allemand et Beauceron \u00e9ducation canine"},{"@type":"BreadcrumbList","@id":"https:\/\/canihomme.com\/index.php\/qui-suis-je\/#breadcrumb","itemListElement":[{"@type":"ListItem","position":1,"name":"Accueil","item":"https:\/\/canihomme.com\/"},{"@type":"ListItem","position":2,"name":"QUI SUIS-JE ?"}]},{"@type":"WebSite","@id":"https:\/\/canihomme.com\/#website","url":"https:\/\/canihomme.com\/","name":"Cani-Homme Educateur Canin Rouen Beauvais Dieppe","description":"Un site utilisant WordPress","potentialAction":[{"@type":"SearchAction","target":{"@type":"EntryPoint","urlTemplate":"https:\/\/canihomme.com\/?s={search_term_string}"},"query-input":{"@type":"PropertyValueSpecification","valueRequired":true,"valueName":"search_term_string"}}],"inLanguage":"fr-FR"}]}},"_links":{"self":[{"href":"https:\/\/canihomme.com\/index.php\/wp-json\/wp\/v2\/pages\/10","targetHints":{"allow":["GET"]}}],"collection":[{"href":"https:\/\/canihomme.com\/index.php\/wp-json\/wp\/v2\/pages"}],"about":[{"href":"https:\/\/canihomme.com\/index.php\/wp-json\/wp\/v2\/types\/page"}],"author":[{"embeddable":true,"href":"https:\/\/canihomme.com\/index.php\/wp-json\/wp\/v2\/users\/1"}],"replies":[{"embeddable":true,"href":"https:\/\/canihomme.com\/index.php\/wp-json\/wp\/v2\/comments?post=10"}],"version-history":[{"count":49,"href":"https:\/\/canihomme.com\/index.php\/wp-json\/wp\/v2\/pages\/10\/revisions"}],"predecessor-version":[{"id":500,"href":"https:\/\/canihomme.com\/index.php\/wp-json\/wp\/v2\/pages\/10\/revisions\/500"}],"wp:attachment":[{"href":"https:\/\/canihomme.com\/index.php\/wp-json\/wp\/v2\/media?parent=10"}],"curies":[{"name":"wp","href":"https:\/\/api.w.org\/{rel}","templated":true}]}}